{"id":40,"date":"2018-11-30T16:35:19","date_gmt":"2018-11-30T15:35:19","guid":{"rendered":"http:\/\/s4bikes.pl\/?page_id=40"},"modified":"2026-03-02T12:43:56","modified_gmt":"2026-03-02T11:43:56","slug":"uslugi-serwisowe","status":"publish","type":"page","link":"https:\/\/s4bikes.pl\/index.php\/uslugi-serwisowe\/","title":{"rendered":"SERWIS ROWEROWY"},"content":{"rendered":"<h4>&nbsp;<\/h4>\n<p style=\"text-align: center;\"><strong><span style=\"font-size: revert; color: initial;\">Niezale\u017cnie od tego, czy Tw\u00f3j rower s\u0142u\u017cy Ci do codziennych dojazd\u00f3w do pracy, weekendowych wycieczek, czy walki o podium w zawodach \u2013 w S4bikes zapewniamy kompleksowy serwis dostosowany do Twoich potrzeb. Od 2011 roku naprawiamy, regulujemy i dopieszczamy rowery ka\u017cdego typu, dbaj\u0105c o ich niezawodno\u015b\u0107 i Tw\u00f3j komfort jazdy.<\/span><\/strong><\/p>\n<p><\/p>\n<h1 style=\"text-align: center;\"><strong>CENNIK US\u0141UG SERWISOWYCH<\/strong><\/h1>\n<p><\/p>\n\n\n<p class=\"has-medium-font-size\"><strong><em>ROWERY<\/em><\/strong><br><strong>PRZEGL\u0104D PODSTAWOWY<\/strong>\u00a0(regulacja hamulc\u00f3w, przerzutek, dokr\u0119canie wszystkich po\u0142\u0105cze\u0144 \u015brubowych, kasowanie luz\u00f3w na elementach \u0142o\u017cyskowanych, sprawdzenie stanu ogumienia oraz innych komponent\u00f3w, wyr\u00f3wnanie ci\u015bnienia w oponach, smarowanie \u0142a\u0144cucha)<strong> 160 z\u0142<\/strong><\/p>\n\n\n\n<p><strong>PRZEGL\u0104D ROZSZERZONY<\/strong>\u00a0(regulacja hamulc\u00f3w, przerzutek, dokr\u0119canie wszystkich po\u0142\u0105cze\u0144 \u015brubowych, sprawdzenie stanu ogumienia oraz innych komponent\u00f3w, wyr\u00f3wnanie ci\u015bnienia w oponach, smarowanie \u0142a\u0144cucha,\u00a0smarowanie piasty przedniej oraz tylnej)<strong>\u00a0250 z\u0142<\/strong><\/p>\n\n\n\n<p><strong>PRZEGL\u0104D KOMPLEKSOWY <\/strong>(rozebranie roweru do go\u0142ej ramy, mycie wszystkich cz\u0119\u015bci, smarowanie wszystkich element\u00f3w \u0142o\u017cyskowanych, centrowanie k\u00f3\u0142, regulacja\/odpowietrzanie hamulc\u00f3w, regulacja przerzutek.) od<strong>&nbsp;500 z\u0142<\/strong><\/p>\n\n\n\n<p><strong>PRZEGL\u0104D GWARANCYJNY \/ ZEROWY<\/strong>\u00a0nowego roweru, po przejechaniu ok. 500km<strong>\u00a0120 z\u0142<\/strong><\/p>\n\n\n\n<p><strong>Z\u0141O\u017bENIE <\/strong>nowego roweru z kartonu <strong>150-250 z\u0142<\/strong><\/p>\n\n\n\n<p><strong>PRZEGL\u0104D PODSTAWOWY&nbsp;<\/strong>roweru bez przerzutek <strong>100 z\u0142<\/strong><\/p>\n\n\n\n<p><br><strong><em>RAMY<\/em><\/strong><br>Wymiana ramy od <strong>300 z\u0142<br><\/strong>Prostowanie haka w ramie z przerzutk\u0105 <strong>30 z\u0142<\/strong><\/p>\n\n\n\n<p><br><strong><em>WIDELEC SZTYWNY<\/em><\/strong><br>Wymiana widelca <strong>80 z\u0142<br><\/strong>Gwintowanie widelca <strong>20-60 z\u0142<br><\/strong>Przyci\u0119cie widelca <strong>20-40 z\u0142<\/strong><\/p>\n\n\n\n<p><br><strong><em><mark style=\"background-color:rgba(0, 0, 0, 0)\" class=\"has-inline-color has-black-color\">AMORTYZATOR<\/mark><\/em><\/strong><br>Serwis podstawowy <strong>100 z\u0142<\/strong><br>Serwis amortyzatora elastomerowo-spr\u0119\u017cynowego <strong>100 z\u0142<\/strong><br>Serwis amortyzatora olejowego\u00a0<strong>180-350 z\u0142<\/strong><\/p>\n\n\n\n<p><br><strong><em>KIEROWNICA<\/em><\/strong><br>Wymiana kierownicy z oprzyrz\u0105dowaniem <strong>20-50 z\u0142<br><\/strong>Wymiana wspornika kierownicy <strong>20-30 z\u0142<\/strong><\/p>\n\n\n\n<p><br><strong><em>NAP\u0118D<\/em><\/strong><br>Wymiana kasety lub trybu <strong>25 z\u0142<\/strong><br>Wymiana \u0142a\u0144cucha <strong>25 z\u0142<\/strong><br>Wymiana mechanizmu korbowego <strong>30 z\u0142<\/strong><br>Czyszczenie nap\u0119du <strong>30-70 z\u0142<\/strong><\/p>\n\n\n\n<p><br><strong><em>KO\u0141A<\/em><\/strong><br>Centrowanie ko\u0142a\u00a0<strong>40-50\u00a0z\u0142<br><\/strong>Zaplatanie i centrowanie ko\u0142a <strong>110 z\u0142<\/strong><strong><br><\/strong>Wymiana opony lub d\u0119tki w przednim kole\u00a0<strong>20 z\u0142<\/strong><br>Wymiana opony lub d\u0119tki w tylnym kole\u00a0mtb\/trekking <strong>20 z\u0142<\/strong><br>Wymiana opony lub d\u0119tki w tylnym kole z piast\u0105 torpedo <strong>25 z\u0142<\/strong><br>Wymiana opony lub d\u0119tki w tylnym kole z przerzutk\u0105 planetarn\u0105 <strong>35 z\u0142<\/strong><br>Wymiana opony lub d\u0119tki w tylnym kole z przerzutk\u0105 planetarn\u0105 i pe\u0142n\u0105 os\u0142on\u0105 <strong>45 z\u0142<\/strong><br>Wymiana opony lub d\u0119tki w tylnym kole z przerzutk\u0105 planetarn\u0105, pe\u0142n\u0105 os\u0142on\u0105 \u0142a\u0144cucha i hamulcem b\u0119bnowym\/rolkowym <strong>55 z\u0142<\/strong><br>Wymiana opony lub d\u0119tki w hulajnodze elektrycznej  <strong>35-50 z\u0142<\/strong><br>Wymiana opony pe\u0142nej w hulajnodze elektrycznej  <strong>50- 80 z\u0142<\/strong><\/p>\n\n\n\n<p><br><strong><em>PIASTY<\/em><\/strong><br>Regulacja luz\u00f3w piasty  <strong>10 z\u0142<\/strong><br>Czyszczenie i konserwacja piasty przedniej\u00a0<strong>45 z\u0142<\/strong><br>Czyszczenie, konserwacja piasty tylnej\u00a0<strong>50 z\u0142<\/strong><br>Naprawa i konserwacja piasty torpedo <strong>70 z\u0142<\/strong><br>Czyszczenie, konserwacja piasty planetarnej Shimano, Sachs, Sram <strong>100-200 z\u0142<\/strong><\/p>\n\n\n\n<p><br><strong><em>HAMULCE SZCZ\u0118KOWE<\/em><\/strong><br>Regulacja hamulca <strong>35 z\u0142<\/strong><br>Wymiana hamulca z regulacj\u0105 <strong>45 z\u0142<br><\/strong>Wymiana klamki hamulcowej <strong>20\u00a0z\u0142<br><\/strong>Wymiana klock\u00f3w hamulcowych z regulacj\u0105 <strong>40 z\u0142<br><\/strong>Wymiana linki hamulcowej z regulacj\u0105 <strong>40 z\u0142<\/strong><\/p>\n\n\n\n<p><br><strong><em>HAMULCE TARCZOWE<\/em><\/strong><br>Regulacja hamulca <strong>35 z\u0142<br><\/strong>Wymiana ok\u0142adzin hamulcowych z regulacj\u0105\u00a0<strong>40 z\u0142<br><\/strong>Wymiana tarczy hamulcowej\u00a0<strong>25 z\u0142<br><\/strong>Odpowietrzenie uk\u0142adu hamulcowego <strong>50-80 z\u0142<\/strong><br>Wymiana p\u0142ynu hamulcowego z odpowietrzeniem <strong>60-80z\u0142<\/strong><br>Skr\u00f3cenie przewodu hamulcowego <strong>45 z\u0142<\/strong><br>Wymiana\/monta\u017c hamulca tarczowego<strong>\u00a060-100 z\u0142<\/strong><br>Wymiana\/monta\u017c hamulca tarczowego z wewn\u0119trznym prowadzeniem przewod\u00f3w<strong>\u00a0od 80 z\u0142<\/strong><br>Prostowanie tarczy hamulcowej <strong>10-20z\u0142<\/strong><br>Odt\u0142uszczanie tarczy hamulcowej <strong>10z\u0142<\/strong><br>Szlifowanie zeszklonej tarczy hamulcowej <strong>30z\u0142<\/strong><\/p>\n\n\n\n<p><br><em><strong>SUPORT I KORBA<\/strong><\/em><br>Wymiana mechanizmu korbowego <strong>30 z\u0142<br><\/strong>Wymiana wk\u0142adu suportu <strong>40-80 z\u0142<br><\/strong>Regulacja wk\u0142adu suportu <strong>10 z\u0142<\/strong><br>Poprawa gwintu pod wk\u0142ad suportu <strong>30-60&nbsp;z\u0142<\/strong><\/p>\n\n\n\n<p><br><strong><em>STERY<\/em><\/strong><br>Wymiana steru kierownicy <strong>60-80 z\u0142<br><\/strong>Czyszczenie i konserwacja steru kierownicy <strong>45 z\u0142<br><\/strong>Regulacja steru kierownicy <strong>10 z\u0142<\/strong><\/p>\n\n\n\n<p><br><strong><em>SIOD\u0141O<\/em><\/strong><br>Wymiana siod\u0142a lub wspornika siod\u0142a <strong>10 z\u0142<\/strong><\/p>\n\n\n\n<p><br><strong><em>PRZERZUTKI<\/em><\/strong><br>Regulacja przerzutki\u00a0<strong>35 z\u0142<\/strong><br>Wymiana przerzutki z regulacj\u0105 <strong>45 z\u0142<br><\/strong>Wymiana manetki z regulacj\u0105 <strong>45 z\u0142<br><\/strong>Wymiana linki z regulacj\u0105 przerzutki <strong>40 z\u0142<\/strong><br>Wymiana linki z regulacj\u0105 przerzutki z wewn\u0119trznym prowadzeniem pancerzy <strong>od 60z\u0142<br><\/strong>Wymiana k\u00f3\u0142ek w przerzutce <strong>15 z\u0142<\/strong><\/p>\n\n\n\n<p><br><strong><em>O\u015aWIETLENIE<\/em><\/strong><br>Monta\u017c o\u015bwietlenia \u2013 na dynamo\/pr\u0105dnice <strong>20-50 z\u0142<br><\/strong>Monta\u017c o\u015bwietlenia \u2013 na baterie <strong>10-20 z\u0142<br><\/strong>Naprawa o\u015bwietlenia <strong>20-50 z\u0142<\/strong><\/p>\n\n\n\n<p><br><strong><em>PEDA\u0141Y<\/em><\/strong><br>Wymiana peda\u0142\u00f3w <strong>10 z\u0142<\/strong><br>Naprawa gwintu pod peda\u0142y <strong>15-25z\u0142<\/strong><br>Tulejowanie mechanizmu korbowego pod peda\u0142y <strong>85z\u0142<\/strong><\/p>\n\n\n\n<p><br><strong><em>POZOSTA\u0141E<\/em><\/strong><br>Monta\u017c licznika&nbsp;<strong>20 z\u0142<br><\/strong>Konfiguracja danych licznika&nbsp;<strong>5 z\u0142<br><\/strong>Monta\u017c b\u0142otnika przedniego <strong>10-20 z\u0142<\/strong><br>Monta\u017c b\u0142otnika tylnego <strong>20-50 z\u0142<br><\/strong>Monta\u017c baga\u017cnika <strong>20-35 z\u0142<br><\/strong>Monta\u017c k\u00f3\u0142ek bocznych <strong>20 z\u0142<br><\/strong>Monta\u017c podp\u00f3rki <strong>5 z\u0142<br><\/strong>Mycie roweru <strong>30-100 z\u0142<\/strong><\/p>\n\n\n\n<p>Magazynowanie sprz\u0119tu <strong>30z\u0142<\/strong>\/miesi\u0105c<br>Magazynowanie sprz\u0119tu nieodebranego w ci\u0105gu 10 dni od wyznaczonej daty odbioru <strong>2z\u0142\/dzie\u0144<\/strong><\/p>\n\n\n\n<p><strong>Us\u0142ugi nie uj\u0119te w cenniku wyceniane s\u0105 wed\u0142ug stawki za roboczogodzin\u0119 kt\u00f3ra wynosi 150z\u0142.<\/strong><\/p>\n\n\n\n<p><strong>W przypadku du\u017cego po\u015bpiechu wykonujemy us\u0142ugi ekspresowe &#8211;  op\u0142ata dodatkowa za serwis w ten sam dzie\u0144 +100%, a na drugi dzie\u0144 +50% do cen uj\u0119tych w powy\u017cszym cenniku. <\/strong><\/p>\n","protected":false},"excerpt":{"rendered":"<p>&nbsp; Niezale\u017cnie od tego, czy Tw\u00f3j rower s\u0142u\u017cy Ci do codziennych dojazd\u00f3w do pracy, weekendowych wycieczek, czy walki o podium w zawodach \u2013 w S4bikes [&hellip;] <span class=\"read-more-link\"><a class=\"read-more\" href=\"https:\/\/s4bikes.pl\/index.php\/uslugi-serwisowe\/\">Read More<\/a><\/span><\/p>\n","protected":false},"author":1,"featured_media":0,"parent":0,"menu_order":0,"comment_status":"closed","ping_status":"closed","template":"","meta":[],"_links":{"self":[{"href":"https:\/\/s4bikes.pl\/index.php\/wp-json\/wp\/v2\/pages\/40"}],"collection":[{"href":"https:\/\/s4bikes.pl\/index.php\/wp-json\/wp\/v2\/pages"}],"about":[{"href":"https:\/\/s4bikes.pl\/index.php\/wp-json\/wp\/v2\/types\/page"}],"author":[{"embeddable":true,"href":"https:\/\/s4bikes.pl\/index.php\/wp-json\/wp\/v2\/users\/1"}],"replies":[{"embeddable":true,"href":"https:\/\/s4bikes.pl\/index.php\/wp-json\/wp\/v2\/comments?post=40"}],"version-history":[{"count":21,"href":"https:\/\/s4bikes.pl\/index.php\/wp-json\/wp\/v2\/pages\/40\/revisions"}],"predecessor-version":[{"id":236,"href":"https:\/\/s4bikes.pl\/index.php\/wp-json\/wp\/v2\/pages\/40\/revisions\/236"}],"wp:attachment":[{"href":"https:\/\/s4bikes.pl\/index.php\/wp-json\/wp\/v2\/media?parent=40"}],"curies":[{"name":"wp","href":"https:\/\/api.w.org\/{rel}","templated":true}]}}