{"id":88,"date":"2020-10-26T14:00:13","date_gmt":"2020-10-26T13:00:13","guid":{"rendered":"http:\/\/s4bikes.pl\/?page_id=88"},"modified":"2020-12-07T23:24:54","modified_gmt":"2020-12-07T22:24:54","slug":"regulamin-serwisu","status":"publish","type":"page","link":"https:\/\/s4bikes.pl\/index.php\/regulamin-serwisu\/","title":{"rendered":"REGULAMIN SERWISU"},"content":{"rendered":"<p><b>1.<\/b> Sprz\u0119t dostarczony do serwisu powinien by\u0107 czysty.<\/p>\n<p><b>2.<\/b> Serwis ma prawo doliczy\u0107 op\u0142at\u0119 za wyczyszczenie sprz\u0119tu w wysoko\u015bci 30z\u0142 je\u017celi brud (b\u0142oto b\u0105d\u017a g\u0119ste smary) b\u0119d\u0105 przeszkadza\u0142y w wykonaniu us\u0142ugi.<\/p>\n<p><b>3.<\/b> Ca\u0142kowity koszt naprawy obejmuje koszt us\u0142ugi serwisowej oraz koszt u\u017cytych cz\u0119\u015bci.<\/p>\n<p><b>4.<\/b> Ceny us\u0142ug serwisowych podane w cenniku nie zawieraj\u0105 koszt\u00f3w u\u017cytych cz\u0119\u015bci.<\/p>\n<p><b>5.<\/b> Cennik us\u0142ug podany jest na stronie internetowej www.s4bikes.pl<\/p>\n<p><b>6. <\/b>Wst\u0119pny koszt naprawy podawany podczas przyjmowania sprz\u0119tu i wst\u0119pnych ogl\u0119dzin jest kwot\u0105 orientacyjn\u0105. Cena ta mo\u017ce ulec zmianie w trakcie naprawy, w przypadku wykrycia dodatkowych usterek lub konieczno\u015bci wymiany element\u00f3w eksploatacyjnych.<\/p>\n<p><b>7.<\/b> W przypadku znacznej zmiany wst\u0119pnej wyceny naprawy Klient zostanie o tym poinformowany telefonicznie oraz ma prawo do podj\u0119cia decyzji w sprawie ponoszenia dodatkowych koszt\u00f3w.<\/p>\n<p><b>9. <\/b>W przypadku rezygnacji z dalszej naprawy sprz\u0119tu przed jej zako\u0144czeniem klient uiszcza op\u0142at\u0119 za wykonanie us\u0142ugi serwisowej i u\u017cyte cz\u0119\u015bci do chwili rezygnacji.<\/p>\n<p><b>10.<\/b> Wymienione \u2013 zu\u017cyte cz\u0119\u015bci ze sprz\u0119tu klienta zostan\u0105 poddane utylizacji, je\u017celi klient przed napraw\u0105 nie zadeklaruje woli ich zabrania.<\/p>\n<p><b>11.<\/b> Klient zobowi\u0105zany jest do odebrania sprz\u0119tu w wyznaczonym wcze\u015bniej terminie.<\/p>\n<p><b>12.<\/b> Po przekroczeniu 10 dni roboczych od wyznaczonej daty odbioru, naliczana jest dodatkowa op\u0142ata za przechowywanie roweru\u00a0w wysoko\u015bci 2z\u0142\u00a0za ka\u017cdy kolejny dzie\u0144 (60z\u0142 za miesi\u0105c zgodnie z cennikiem).<\/p>\n<p><b>13.<\/b> Je\u017celi klient nie odbierze roweru przez 3 miesi\u0105ce od daty odbioru Serwis ma prawo wystawi\u0107 rower na sprzeda\u017c celem odzyskania poniesionych koszt\u00f3w naprawy i magazynowania.<\/p>\n<p><b>14.<\/b> Je\u017celi zlecona naprawa nie zostanie wykonana w okre\u015blonym terminie z powodu braku potrzebnych cz\u0119\u015bci lub zdarze\u0144 losowych Klient zostanie o tym poinformowany oraz wyznaczony zostanie dalszy termin odbioru.<\/p>\n<p><b>15.<\/b> Mianem terminu odbioru towaru (roweru lub innego sprz\u0119tu) okre\u015bla si\u0119 dat\u0119 zako\u0144czenia prac naprawczych.<\/p>\n<p><b>16.<\/b> W przypadku braku ustalenia terminu odbioru roweru Klient zostanie o nim poinformowany w trakcie lub po zako\u0144czeniu napraw.<\/p>\n<p><b>17. <\/b>Oddaj\u0105c sprz\u0119t do serwisu Klient o\u015bwiadcza \u017ce zapozna\u0142 si\u0119 z regulaminem serwisu i akceptuj\u0119 wszystkie zawarte w nim warunki.<\/p>\n","protected":false},"excerpt":{"rendered":"<p>1. Sprz\u0119t dostarczony do serwisu powinien by\u0107 czysty. 2. Serwis ma prawo doliczy\u0107 op\u0142at\u0119 za wyczyszczenie sprz\u0119tu w wysoko\u015bci 30z\u0142 je\u017celi brud (b\u0142oto b\u0105d\u017a g\u0119ste [&hellip;] <span class=\"read-more-link\"><a class=\"read-more\" href=\"https:\/\/s4bikes.pl\/index.php\/regulamin-serwisu\/\">Read More<\/a><\/span><\/p>\n","protected":false},"author":1,"featured_media":0,"parent":0,"menu_order":0,"comment_status":"closed","ping_status":"closed","template":"","meta":[],"_links":{"self":[{"href":"https:\/\/s4bikes.pl\/index.php\/wp-json\/wp\/v2\/pages\/88"}],"collection":[{"href":"https:\/\/s4bikes.pl\/index.php\/wp-json\/wp\/v2\/pages"}],"about":[{"href":"https:\/\/s4bikes.pl\/index.php\/wp-json\/wp\/v2\/types\/page"}],"author":[{"embeddable":true,"href":"https:\/\/s4bikes.pl\/index.php\/wp-json\/wp\/v2\/users\/1"}],"replies":[{"embeddable":true,"href":"https:\/\/s4bikes.pl\/index.php\/wp-json\/wp\/v2\/comments?post=88"}],"version-history":[{"count":3,"href":"https:\/\/s4bikes.pl\/index.php\/wp-json\/wp\/v2\/pages\/88\/revisions"}],"predecessor-version":[{"id":117,"href":"https:\/\/s4bikes.pl\/index.php\/wp-json\/wp\/v2\/pages\/88\/revisions\/117"}],"wp:attachment":[{"href":"https:\/\/s4bikes.pl\/index.php\/wp-json\/wp\/v2\/media?parent=88"}],"curies":[{"name":"wp","href":"https:\/\/api.w.org\/{rel}","templated":true}]}}