{"id":97,"date":"2020-12-07T22:03:32","date_gmt":"2020-12-07T21:03:32","guid":{"rendered":"http:\/\/s4bikes.pl\/?page_id=97"},"modified":"2024-11-21T14:58:56","modified_gmt":"2024-11-21T13:58:56","slug":"serwis-narciarski","status":"publish","type":"page","link":"https:\/\/s4bikes.pl\/index.php\/serwis-narciarski\/","title":{"rendered":"SERWIS NARCIARSKI"},"content":{"rendered":"<h3>Prowadzimy profesjonalny serwis nart oraz snowboard\u00f3w.<\/h3>\n<h5>Dzi\u0119ki osobistemu do\u015bwiadczeniu na stoku wiemy jak zadba\u0107 o sprz\u0119t \u017ceby sprawia\u0142 jak najwi\u0119cej rado\u015bci z jazdy.<\/h5>\n<h5>Aby Wasze narty i snowboardy s\u0142u\u017cy\u0142y jak najd\u0142u\u017cej u\u017cywamy r\u0119cznych narz\u0119dzi renomowanych firm takich jak Toko, Maplus, Swix czy Holmenkol.<\/h5>\n<h3>Cennik:<\/h3>\n<ul>\n<li>smarowanie \u015blizgu i ostrzenie kraw\u0119dzi snowboard\/narty &#8211; <strong>120z\u0142<\/strong><\/li>\n<li>ostrzenie kraw\u0119dzi snowboard\/narty &#8211; <strong>60z\u0142<\/strong><\/li>\n<li>regulacja (tuning) k\u0105t\u00f3w kraw\u0119dzi bocznej i dolnej &#8211; 7<strong>0z\u0142<\/strong><\/li>\n<li>smarowanie \u015blizgu na gor\u0105co &#8211; <strong>60z\u0142<\/strong><\/li>\n<li>wype\u0142nianie ubytk\u00f3w w \u015blizgu &#8211; <strong>30-100z\u0142<\/strong><\/li>\n<li>monta\u017c i\u00a0dopasowanie wi\u0105za\u0144 SNB &#8211; <strong>15-50z\u0142<\/strong><\/li>\n<\/ul>\n","protected":false},"excerpt":{"rendered":"<p>Prowadzimy profesjonalny serwis nart oraz snowboard\u00f3w. Dzi\u0119ki osobistemu do\u015bwiadczeniu na stoku wiemy jak zadba\u0107 o sprz\u0119t \u017ceby sprawia\u0142 jak najwi\u0119cej rado\u015bci z jazdy. Aby Wasze [&hellip;] <span class=\"read-more-link\"><a class=\"read-more\" href=\"https:\/\/s4bikes.pl\/index.php\/serwis-narciarski\/\">Read More<\/a><\/span><\/p>\n","protected":false},"author":1,"featured_media":0,"parent":0,"menu_order":0,"comment_status":"closed","ping_status":"closed","template":"","meta":[],"_links":{"self":[{"href":"https:\/\/s4bikes.pl\/index.php\/wp-json\/wp\/v2\/pages\/97"}],"collection":[{"href":"https:\/\/s4bikes.pl\/index.php\/wp-json\/wp\/v2\/pages"}],"about":[{"href":"https:\/\/s4bikes.pl\/index.php\/wp-json\/wp\/v2\/types\/page"}],"author":[{"embeddable":true,"href":"https:\/\/s4bikes.pl\/index.php\/wp-json\/wp\/v2\/users\/1"}],"replies":[{"embeddable":true,"href":"https:\/\/s4bikes.pl\/index.php\/wp-json\/wp\/v2\/comments?post=97"}],"version-history":[{"count":4,"href":"https:\/\/s4bikes.pl\/index.php\/wp-json\/wp\/v2\/pages\/97\/revisions"}],"predecessor-version":[{"id":187,"href":"https:\/\/s4bikes.pl\/index.php\/wp-json\/wp\/v2\/pages\/97\/revisions\/187"}],"wp:attachment":[{"href":"https:\/\/s4bikes.pl\/index.php\/wp-json\/wp\/v2\/media?parent=97"}],"curies":[{"name":"wp","href":"https:\/\/api.w.org\/{rel}","templated":true}]}}